{"id":3403,"date":"2020-09-18T09:08:31","date_gmt":"2020-09-18T07:08:31","guid":{"rendered":"https:\/\/leplaylaw.com\/?page_id=3403"},"modified":"2020-09-18T09:08:31","modified_gmt":"2020-09-18T07:08:31","slug":"la-liste-des-raisons-detre","status":"publish","type":"page","link":"https:\/\/leplaylaw.com\/en\/la-liste-des-raisons-detre\/","title":{"rendered":"La liste des raisons d&rsquo;\u00eatre"},"content":{"rendered":"<p>&nbsp;<\/p>\n<div id=\"ffenetremailtomailModal\" style=\"z-index: 20002;\">\n<div id=\"ffenetremailtopopupModalMail\">\n<div id=\"ffenetremailtotoModalClose\"><\/div>\n<div id=\"ffenetremailtopopupQuestion\">What do you want to do ?<\/div>\n<p><a id=\"ffenetremailtoemailOpen\"><\/a>New mail<button id=\"ffenetremailtobuttonEmail\">Copy<\/button><textarea id=\"ffenetremailtotextArea\"><\/textarea><\/div>\n<\/div>\n<div><img \/><\/div>","protected":false},"excerpt":{"rendered":"<p>&nbsp; What do you want to do ? New mailCopy<\/p>","protected":false},"author":5,"featured_media":2352,"parent":0,"menu_order":0,"comment_status":"closed","ping_status":"closed","template":"","meta":{"_acf_changed":false,"_exactmetrics_skip_tracking":false,"_exactmetrics_sitenote_active":false,"_exactmetrics_sitenote_note":"","_exactmetrics_sitenote_category":0,"_monsterinsights_skip_tracking":false,"_monsterinsights_sitenote_active":false,"_monsterinsights_sitenote_note":"","_monsterinsights_sitenote_category":0,"footnotes":"","_links_to":"","_links_to_target":""},"class_list":["post-3403","page","type-page","status-publish","has-post-thumbnail"],"acf":[],"yoast_head":"<!-- This site is optimized with the Yoast SEO plugin v26.1.1 - https:\/\/yoast.com\/wordpress\/plugins\/seo\/ -->\n<title>La liste des raisons d&#039;\u00eatre - Le Play<\/title>\n<meta name=\"description\" content=\"La liste de toutes les raisons d&#039;\u00eatre est ici consultable et mise \u00e0 jour continuellement par l&#039;equipe de LE PLAY avocats et consulting.\" \/>\n<meta name=\"robots\" content=\"index, follow, max-snippet:-1, max-image-preview:large, max-video-preview:-1\" \/>\n<link rel=\"canonical\" href=\"https:\/\/leplaylaw.com\/en\/la-liste-des-raisons-detre\/\" \/>\n<meta property=\"og:locale\" content=\"en_GB\" \/>\n<meta property=\"og:type\" content=\"article\" \/>\n<meta property=\"og:title\" content=\"La liste des raisons d&#039;\u00eatre - Le Play\" \/>\n<meta property=\"og:description\" content=\"La liste de toutes les raisons d&#039;\u00eatre est ici consultable et mise \u00e0 jour continuellement par l&#039;equipe de LE PLAY avocats et consulting.\" \/>\n<meta property=\"og:url\" content=\"https:\/\/leplaylaw.com\/en\/la-liste-des-raisons-detre\/\" \/>\n<meta property=\"og:site_name\" content=\"Le Play\" \/>\n<meta property=\"og:image\" content=\"https:\/\/leplaylaw.com\/wp-content\/uploads\/2020\/04\/Open-Graph-Size2.png\" \/>\n\t<meta property=\"og:image:width\" content=\"1200\" \/>\n\t<meta property=\"og:image:height\" content=\"630\" \/>\n\t<meta property=\"og:image:type\" content=\"image\/png\" \/>\n<meta name=\"twitter:card\" content=\"summary_large_image\" \/>\n<meta name=\"twitter:site\" content=\"@errolcohenPARIS\" \/>\n<script type=\"application\/ld+json\" class=\"yoast-schema-graph\">{\"@context\":\"https:\/\/schema.org\",\"@graph\":[{\"@type\":\"WebPage\",\"@id\":\"https:\/\/leplaylaw.com\/la-liste-des-raisons-detre\/\",\"url\":\"https:\/\/leplaylaw.com\/la-liste-des-raisons-detre\/\",\"name\":\"La liste des raisons d'\u00eatre - Le Play\",\"isPartOf\":{\"@id\":\"https:\/\/leplaylaw.com\/#website\"},\"primaryImageOfPage\":{\"@id\":\"https:\/\/leplaylaw.com\/la-liste-des-raisons-detre\/#primaryimage\"},\"image\":{\"@id\":\"https:\/\/leplaylaw.com\/la-liste-des-raisons-detre\/#primaryimage\"},\"thumbnailUrl\":\"https:\/\/leplaylaw.com\/wp-content\/uploads\/2020\/04\/Open-Graph-Size2.png\",\"datePublished\":\"2020-09-18T07:08:31+00:00\",\"description\":\"La liste de toutes les raisons d'\u00eatre est ici consultable et mise \u00e0 jour continuellement par l'equipe de LE PLAY avocats et consulting.\",\"breadcrumb\":{\"@id\":\"https:\/\/leplaylaw.com\/la-liste-des-raisons-detre\/#breadcrumb\"},\"inLanguage\":\"en-GB\",\"potentialAction\":[{\"@type\":\"ReadAction\",\"target\":[\"https:\/\/leplaylaw.com\/la-liste-des-raisons-detre\/\"]}]},{\"@type\":\"ImageObject\",\"inLanguage\":\"en-GB\",\"@id\":\"https:\/\/leplaylaw.com\/la-liste-des-raisons-detre\/#primaryimage\",\"url\":\"https:\/\/leplaylaw.com\/wp-content\/uploads\/2020\/04\/Open-Graph-Size2.png\",\"contentUrl\":\"https:\/\/leplaylaw.com\/wp-content\/uploads\/2020\/04\/Open-Graph-Size2.png\",\"width\":1200,\"height\":630,\"caption\":\"Des crayons et TOUTES LES RAISONS d\u2019\u00caTRE\"},{\"@type\":\"BreadcrumbList\",\"@id\":\"https:\/\/leplaylaw.com\/la-liste-des-raisons-detre\/#breadcrumb\",\"itemListElement\":[{\"@type\":\"ListItem\",\"position\":1,\"name\":\"Accueil\",\"item\":\"https:\/\/leplaylaw.com\/\"},{\"@type\":\"ListItem\",\"position\":2,\"name\":\"La liste des raisons d&#8217;\u00eatre\"}]},{\"@type\":\"WebSite\",\"@id\":\"https:\/\/leplaylaw.com\/#website\",\"url\":\"https:\/\/leplaylaw.com\/\",\"name\":\"Le Play avocats\",\"description\":\"\",\"publisher\":{\"@id\":\"https:\/\/leplaylaw.com\/#organization\"},\"potentialAction\":[{\"@type\":\"SearchAction\",\"target\":{\"@type\":\"EntryPoint\",\"urlTemplate\":\"https:\/\/leplaylaw.com\/?s={search_term_string}\"},\"query-input\":{\"@type\":\"PropertyValueSpecification\",\"valueRequired\":true,\"valueName\":\"search_term_string\"}}],\"inLanguage\":\"en-GB\"},{\"@type\":\"Organization\",\"@id\":\"https:\/\/leplaylaw.com\/#organization\",\"name\":\"LE PLAY\",\"url\":\"https:\/\/leplaylaw.com\/\",\"logo\":{\"@type\":\"ImageObject\",\"inLanguage\":\"en-GB\",\"@id\":\"https:\/\/leplaylaw.com\/#\/schema\/logo\/image\/\",\"url\":\"https:\/\/leplaylaw.com\/wp-content\/uploads\/2020\/04\/Open-Graph-Size3.png\",\"contentUrl\":\"https:\/\/leplaylaw.com\/wp-content\/uploads\/2020\/04\/Open-Graph-Size3.png\",\"width\":1200,\"height\":630,\"caption\":\"LE PLAY\"},\"image\":{\"@id\":\"https:\/\/leplaylaw.com\/#\/schema\/logo\/image\/\"},\"sameAs\":[\"https:\/\/x.com\/errolcohenPARIS\",\"https:\/\/www.linkedin.com\/in\/errol-cohen-1376b312\"]}]}<\/script>\n<!-- \/ Yoast SEO plugin. -->","yoast_head_json":{"title":"La liste des raisons d'\u00eatre - Le Play","description":"La liste de toutes les raisons d'\u00eatre est ici consultable et mise \u00e0 jour continuellement par l'equipe de LE PLAY avocats et consulting.","robots":{"index":"index","follow":"follow","max-snippet":"max-snippet:-1","max-image-preview":"max-image-preview:large","max-video-preview":"max-video-preview:-1"},"canonical":"https:\/\/leplaylaw.com\/en\/la-liste-des-raisons-detre\/","og_locale":"en_GB","og_type":"article","og_title":"La liste des raisons d'\u00eatre - Le Play","og_description":"La liste de toutes les raisons d'\u00eatre est ici consultable et mise \u00e0 jour continuellement par l'equipe de LE PLAY avocats et consulting.","og_url":"https:\/\/leplaylaw.com\/en\/la-liste-des-raisons-detre\/","og_site_name":"Le Play","og_image":[{"width":1200,"height":630,"url":"https:\/\/leplaylaw.com\/wp-content\/uploads\/2020\/04\/Open-Graph-Size2.png","type":"image\/png"}],"twitter_card":"summary_large_image","twitter_site":"@errolcohenPARIS","schema":{"@context":"https:\/\/schema.org","@graph":[{"@type":"WebPage","@id":"https:\/\/leplaylaw.com\/la-liste-des-raisons-detre\/","url":"https:\/\/leplaylaw.com\/la-liste-des-raisons-detre\/","name":"La liste des raisons d'\u00eatre - Le Play","isPartOf":{"@id":"https:\/\/leplaylaw.com\/#website"},"primaryImageOfPage":{"@id":"https:\/\/leplaylaw.com\/la-liste-des-raisons-detre\/#primaryimage"},"image":{"@id":"https:\/\/leplaylaw.com\/la-liste-des-raisons-detre\/#primaryimage"},"thumbnailUrl":"https:\/\/leplaylaw.com\/wp-content\/uploads\/2020\/04\/Open-Graph-Size2.png","datePublished":"2020-09-18T07:08:31+00:00","description":"La liste de toutes les raisons d'\u00eatre est ici consultable et mise \u00e0 jour continuellement par l'equipe de LE PLAY avocats et consulting.","breadcrumb":{"@id":"https:\/\/leplaylaw.com\/la-liste-des-raisons-detre\/#breadcrumb"},"inLanguage":"en-GB","potentialAction":[{"@type":"ReadAction","target":["https:\/\/leplaylaw.com\/la-liste-des-raisons-detre\/"]}]},{"@type":"ImageObject","inLanguage":"en-GB","@id":"https:\/\/leplaylaw.com\/la-liste-des-raisons-detre\/#primaryimage","url":"https:\/\/leplaylaw.com\/wp-content\/uploads\/2020\/04\/Open-Graph-Size2.png","contentUrl":"https:\/\/leplaylaw.com\/wp-content\/uploads\/2020\/04\/Open-Graph-Size2.png","width":1200,"height":630,"caption":"Des crayons et TOUTES LES RAISONS d\u2019\u00caTRE"},{"@type":"BreadcrumbList","@id":"https:\/\/leplaylaw.com\/la-liste-des-raisons-detre\/#breadcrumb","itemListElement":[{"@type":"ListItem","position":1,"name":"Accueil","item":"https:\/\/leplaylaw.com\/"},{"@type":"ListItem","position":2,"name":"La liste des raisons d&#8217;\u00eatre"}]},{"@type":"WebSite","@id":"https:\/\/leplaylaw.com\/#website","url":"https:\/\/leplaylaw.com\/","name":"Le Play avocats","description":"","publisher":{"@id":"https:\/\/leplaylaw.com\/#organization"},"potentialAction":[{"@type":"SearchAction","target":{"@type":"EntryPoint","urlTemplate":"https:\/\/leplaylaw.com\/?s={search_term_string}"},"query-input":{"@type":"PropertyValueSpecification","valueRequired":true,"valueName":"search_term_string"}}],"inLanguage":"en-GB"},{"@type":"Organization","@id":"https:\/\/leplaylaw.com\/#organization","name":"LE PLAY","url":"https:\/\/leplaylaw.com\/","logo":{"@type":"ImageObject","inLanguage":"en-GB","@id":"https:\/\/leplaylaw.com\/#\/schema\/logo\/image\/","url":"https:\/\/leplaylaw.com\/wp-content\/uploads\/2020\/04\/Open-Graph-Size3.png","contentUrl":"https:\/\/leplaylaw.com\/wp-content\/uploads\/2020\/04\/Open-Graph-Size3.png","width":1200,"height":630,"caption":"LE PLAY"},"image":{"@id":"https:\/\/leplaylaw.com\/#\/schema\/logo\/image\/"},"sameAs":["https:\/\/x.com\/errolcohenPARIS","https:\/\/www.linkedin.com\/in\/errol-cohen-1376b312"]}]}},"_links":{"self":[{"href":"https:\/\/leplaylaw.com\/en\/wp-json\/wp\/v2\/pages\/3403","targetHints":{"allow":["GET"]}}],"collection":[{"href":"https:\/\/leplaylaw.com\/en\/wp-json\/wp\/v2\/pages"}],"about":[{"href":"https:\/\/leplaylaw.com\/en\/wp-json\/wp\/v2\/types\/page"}],"author":[{"embeddable":true,"href":"https:\/\/leplaylaw.com\/en\/wp-json\/wp\/v2\/users\/5"}],"replies":[{"embeddable":true,"href":"https:\/\/leplaylaw.com\/en\/wp-json\/wp\/v2\/comments?post=3403"}],"version-history":[{"count":1,"href":"https:\/\/leplaylaw.com\/en\/wp-json\/wp\/v2\/pages\/3403\/revisions"}],"predecessor-version":[{"id":3861,"href":"https:\/\/leplaylaw.com\/en\/wp-json\/wp\/v2\/pages\/3403\/revisions\/3861"}],"wp:featuredmedia":[{"embeddable":true,"href":"https:\/\/leplaylaw.com\/en\/wp-json\/wp\/v2\/media\/2352"}],"wp:attachment":[{"href":"https:\/\/leplaylaw.com\/en\/wp-json\/wp\/v2\/media?parent=3403"}],"curies":[{"name":"wp","href":"https:\/\/api.w.org\/{rel}","templated":true}]}}